{"id":2340,"date":"2018-04-12T13:44:43","date_gmt":"2018-04-12T11:44:43","guid":{"rendered":"https:\/\/lm-kommunikation.de\/impressum\/"},"modified":"2020-01-21T12:20:01","modified_gmt":"2020-01-21T11:20:01","slug":"impressum","status":"publish","type":"page","link":"https:\/\/lm-kommunikation.de\/en\/impressum\/","title":{"rendered":"Impressum"},"content":{"rendered":"<p><span style=\"font-family: geometria; font-size: 11pt;\">Verantwortlich<\/span><br \/>\n<span style=\"font-family: geometria; font-size: 16pt;\"> Tanja Lemke-Mahdavi<\/span><\/p>\n<p><span style=\"font-family: geometria; font-size: 16pt;\">LMK<br \/>\nKommunikationsdesign<br \/>\n<\/span><span style=\"font-family: geometria; font-size: 16pt;\">Motzstra\u00dfe 63<\/span><br \/>\n<span style=\"font-family: geometria; font-size: 16pt;\"> 10777 Berlin<\/span><\/p>\n<p><span style=\"font-family: geometria; font-size: 16pt;\">Telefon: +49 (0)30 236 21 934<\/span><br \/>\n<span style=\"font-family: geometria; font-size: 16pt;\"> Mail: <a href=\"mailto:info@lm-kommunikation.de\">info@lm-kommunikation.de<\/a><br \/>\nSkype: t.lemke<\/span><\/p>\n<p><span style=\"font-family: geometria; font-size: 16pt;\">Umsatzsteuer-ID: DE 184220783<\/span><\/p>\n<p><span style=\"font-size: 11pt; font-family: geometria;\">Programmierung<\/span><br \/>\n<span style=\"font-size: 16pt;\">netfrei.com<\/span><\/p>\n<p>&nbsp;<\/p>\n<hr>\n<p><span style=\"font-family: geometria; font-size: 16pt;\">Haftungsausschluss (Disclaimer)<\/span><\/p>\n<p><strong><span style=\"font-family: geometria;\">Haftung f\u00fcr Inhalte<\/span><\/strong><br \/>\n<span style=\"font-family: geometria;\"> Als Diensteanbieter sind wir gem\u00e4\u00df \u00a7 7 Abs.1 TMG f\u00fcr eigene Inhalte auf diesen Seiten nach den allgemeinen Gesetzen verantwortlich. Nach \u00a7\u00a7 8 bis 10 TMG sind wir als Diensteanbieter jedoch nicht verpflichtet, \u00fcbermittelte oder gespeicherte fremde Informationen zu \u00fcberwachen oder nach Umst\u00e4nden zu forschen, die auf eine rechtswidrige T\u00e4tigkeit hinweisen. Verpflichtungen zur Entfernung oder Sperrung der Nutzung von Informationen nach den allgemeinen Gesetzen bleiben hiervon unber\u00fchrt. Eine diesbez\u00fcgliche Haftung ist jedoch erst ab dem Zeitpunkt der Kenntnis einer konkreten Rechtsverletzung m\u00f6glich. Bei Bekanntwerden von entsprechenden Rechtsverletzungen werden wir diese Inhalte umgehend entfernen.<\/span><\/p>\n<p><strong><span style=\"font-family: geometria;\">Haftung f\u00fcr Links<\/span><\/strong><br \/>\n<span style=\"font-family: geometria;\"> Unser Angebot enth\u00e4lt Links zu externen Webseiten Dritter, auf deren Inhalte wir keinen Einfluss haben. Deshalb k\u00f6nnen wir f\u00fcr diese fremden Inhalte auch keine Gew\u00e4hr \u00fcbernehmen. F\u00fcr die Inhalte der verlinkten Seiten ist stets der jeweilige Anbieter oder Betreiber der Seiten verantwortlich. Die verlinkten Seiten wurden zum Zeitpunkt der Verlinkung auf m\u00f6gliche Rechtsverst\u00f6\u00dfe \u00fcberpr\u00fcft. Rechtswidrige Inhalte waren zum Zeitpunkt der Verlinkung nicht erkennbar. Eine permanente inhaltliche Kontrolle der verlinkten Seiten ist jedoch ohne konkrete Anhaltspunkte einer Rechtsverletzung nicht zumutbar. Bei Bekanntwerden von Rechtsverletzungen werden wir derartige Links umgehend entfernen.<\/span><\/p>\n<p><strong><span style=\"font-family: geometria;\">Urheberrecht<\/span><\/strong><br \/>\n<span style=\"font-family: geometria;\"> Die durch die Seitenbetreiber erstellten Inhalte und Werke auf diesen Seiten unterliegen dem deutschen Urheberrecht. Die Vervielf\u00e4ltigung, Bearbeitung, Verbreitung und jede Art der Verwertung au\u00dferhalb der Grenzen des Urheberrechtes bed\u00fcrfen der schriftlichen Zustimmung des jeweiligen Autors bzw. Erstellers. Downloads und Kopien dieser Seite sind nur f\u00fcr den privaten, nicht kommerziellen Gebrauch gestattet. Soweit die Inhalte auf dieser Seite nicht vom Betreiber erstellt wurden, werden die Urheberrechte Dritter beachtet. Insbesondere werden Inhalte Dritter als solche gekennzeichnet. Sollten Sie trotzdem auf eine Urheberrechtsverletzung aufmerksam werden, bitten wir um einen entsprechenden Hinweis. Bei Bekanntwerden von Rechtsverletzungen werden wir derartige Inhalte umgehend entfernen.<\/span><\/p>\n<hr>\n<p><span style=\"font-family: geometria; font-size: 16pt;\">Mitglied bei der<\/span><\/p>\n<p><a href=\"https:\/\/agd.de\/\"><span style=\"font-size: 11pt; font-family: geometria;\">Allianz deutscher Designer (AGD) e.V.<\/span><\/a><\/p>\n<p style=\"text-align: left;\"><span style=\"font-family: geometria;\">&nbsp;<\/span><\/p>\n","protected":false},"excerpt":{"rendered":"<p>Verantwortlich Tanja Lemke-Mahdavi LMK Kommunikationsdesign Motzstra\u00dfe 63 10777 Berlin Telefon: +49 (0)30 236 21 934 Mail: info@lm-kommunikation.de Skype: [&hellip;]<\/p>\n","protected":false},"author":1,"featured_media":0,"parent":0,"menu_order":0,"comment_status":"closed","ping_status":"closed","template":"","meta":{"footnotes":""},"yoast_head":"<!-- This site is optimized with the Yoast SEO plugin v21.1 - https:\/\/yoast.com\/wordpress\/plugins\/seo\/ -->\n<title>Impressum -<\/title>\n<meta name=\"robots\" content=\"index, follow, max-snippet:-1, max-image-preview:large, max-video-preview:-1\" \/>\n<link rel=\"canonical\" href=\"https:\/\/lm-kommunikation.de\/en\/impressum\/\" \/>\n<meta property=\"og:locale\" content=\"en_US\" \/>\n<meta property=\"og:type\" content=\"article\" \/>\n<meta property=\"og:title\" content=\"Impressum -\" \/>\n<meta property=\"og:description\" content=\"Verantwortlich Tanja Lemke-Mahdavi LMK Kommunikationsdesign Motzstra\u00dfe 63 10777 Berlin Telefon: +49 (0)30 236 21 934 Mail: info@lm-kommunikation.de Skype: [&hellip;]\" \/>\n<meta property=\"og:url\" content=\"https:\/\/lm-kommunikation.de\/en\/impressum\/\" \/>\n<meta property=\"article:modified_time\" content=\"2020-01-21T11:20:01+00:00\" \/>\n<meta name=\"twitter:card\" content=\"summary_large_image\" \/>\n<meta name=\"twitter:label1\" content=\"Est. reading time\" \/>\n\t<meta name=\"twitter:data1\" content=\"2 minutes\" \/>\n<script type=\"application\/ld+json\" class=\"yoast-schema-graph\">{\"@context\":\"https:\/\/schema.org\",\"@graph\":[{\"@type\":\"WebPage\",\"@id\":\"https:\/\/lm-kommunikation.de\/en\/impressum\/\",\"url\":\"https:\/\/lm-kommunikation.de\/en\/impressum\/\",\"name\":\"Impressum -\",\"isPartOf\":{\"@id\":\"https:\/\/lm-kommunikation.de\/#website\"},\"datePublished\":\"2018-04-12T11:44:43+00:00\",\"dateModified\":\"2020-01-21T11:20:01+00:00\",\"breadcrumb\":{\"@id\":\"https:\/\/lm-kommunikation.de\/en\/impressum\/#breadcrumb\"},\"inLanguage\":\"en-US\",\"potentialAction\":[{\"@type\":\"ReadAction\",\"target\":[\"https:\/\/lm-kommunikation.de\/en\/impressum\/\"]}]},{\"@type\":\"BreadcrumbList\",\"@id\":\"https:\/\/lm-kommunikation.de\/en\/impressum\/#breadcrumb\",\"itemListElement\":[{\"@type\":\"ListItem\",\"position\":1,\"name\":\"Startseite\",\"item\":\"https:\/\/lm-kommunikation.de\/en\/\"},{\"@type\":\"ListItem\",\"position\":2,\"name\":\"Impressum\"}]},{\"@type\":\"WebSite\",\"@id\":\"https:\/\/lm-kommunikation.de\/#website\",\"url\":\"https:\/\/lm-kommunikation.de\/\",\"name\":\"LMK B\u00fcro f\u00fcr Kommunikationsdesign\",\"description\":\"B\u00fcro f\u00fcr Kommunikationsdesign\",\"publisher\":{\"@id\":\"https:\/\/lm-kommunikation.de\/#\/schema\/person\/70880efef482d41ece9e5b219060bd1b\"},\"potentialAction\":[{\"@type\":\"SearchAction\",\"target\":{\"@type\":\"EntryPoint\",\"urlTemplate\":\"https:\/\/lm-kommunikation.de\/?s={search_term_string}\"},\"query-input\":\"required name=search_term_string\"}],\"inLanguage\":\"en-US\"},{\"@type\":[\"Person\",\"Organization\"],\"@id\":\"https:\/\/lm-kommunikation.de\/#\/schema\/person\/70880efef482d41ece9e5b219060bd1b\",\"name\":\"Tanja Lemke-Mahadvi\",\"image\":{\"@type\":\"ImageObject\",\"inLanguage\":\"en-US\",\"@id\":\"https:\/\/lm-kommunikation.de\/#\/schema\/person\/image\/\",\"url\":\"https:\/\/lm-kommunikation.de\/wp-content\/uploads\/2023\/09\/LMK_Logo_ohneText-scaled.jpg\",\"contentUrl\":\"https:\/\/lm-kommunikation.de\/wp-content\/uploads\/2023\/09\/LMK_Logo_ohneText-scaled.jpg\",\"width\":2560,\"height\":2560,\"caption\":\"Tanja Lemke-Mahadvi\"},\"logo\":{\"@id\":\"https:\/\/lm-kommunikation.de\/#\/schema\/person\/image\/\"},\"sameAs\":[\"http:\/\/lm-kommunikation.de\",\"https:\/\/www.instagram.com\/lmk_kommunikationsdesign\/\",\"@lmkburofurkommunikationsde8919\"]}]}<\/script>\n<!-- \/ Yoast SEO plugin. -->","yoast_head_json":{"title":"Impressum -","robots":{"index":"index","follow":"follow","max-snippet":"max-snippet:-1","max-image-preview":"max-image-preview:large","max-video-preview":"max-video-preview:-1"},"canonical":"https:\/\/lm-kommunikation.de\/en\/impressum\/","og_locale":"en_US","og_type":"article","og_title":"Impressum -","og_description":"Verantwortlich Tanja Lemke-Mahdavi LMK Kommunikationsdesign Motzstra\u00dfe 63 10777 Berlin Telefon: +49 (0)30 236 21 934 Mail: info@lm-kommunikation.de Skype: [&hellip;]","og_url":"https:\/\/lm-kommunikation.de\/en\/impressum\/","article_modified_time":"2020-01-21T11:20:01+00:00","twitter_card":"summary_large_image","twitter_misc":{"Est. reading time":"2 minutes"},"schema":{"@context":"https:\/\/schema.org","@graph":[{"@type":"WebPage","@id":"https:\/\/lm-kommunikation.de\/en\/impressum\/","url":"https:\/\/lm-kommunikation.de\/en\/impressum\/","name":"Impressum -","isPartOf":{"@id":"https:\/\/lm-kommunikation.de\/#website"},"datePublished":"2018-04-12T11:44:43+00:00","dateModified":"2020-01-21T11:20:01+00:00","breadcrumb":{"@id":"https:\/\/lm-kommunikation.de\/en\/impressum\/#breadcrumb"},"inLanguage":"en-US","potentialAction":[{"@type":"ReadAction","target":["https:\/\/lm-kommunikation.de\/en\/impressum\/"]}]},{"@type":"BreadcrumbList","@id":"https:\/\/lm-kommunikation.de\/en\/impressum\/#breadcrumb","itemListElement":[{"@type":"ListItem","position":1,"name":"Startseite","item":"https:\/\/lm-kommunikation.de\/en\/"},{"@type":"ListItem","position":2,"name":"Impressum"}]},{"@type":"WebSite","@id":"https:\/\/lm-kommunikation.de\/#website","url":"https:\/\/lm-kommunikation.de\/","name":"LMK B\u00fcro f\u00fcr Kommunikationsdesign","description":"B\u00fcro f\u00fcr Kommunikationsdesign","publisher":{"@id":"https:\/\/lm-kommunikation.de\/#\/schema\/person\/70880efef482d41ece9e5b219060bd1b"},"potentialAction":[{"@type":"SearchAction","target":{"@type":"EntryPoint","urlTemplate":"https:\/\/lm-kommunikation.de\/?s={search_term_string}"},"query-input":"required name=search_term_string"}],"inLanguage":"en-US"},{"@type":["Person","Organization"],"@id":"https:\/\/lm-kommunikation.de\/#\/schema\/person\/70880efef482d41ece9e5b219060bd1b","name":"Tanja Lemke-Mahadvi","image":{"@type":"ImageObject","inLanguage":"en-US","@id":"https:\/\/lm-kommunikation.de\/#\/schema\/person\/image\/","url":"https:\/\/lm-kommunikation.de\/wp-content\/uploads\/2023\/09\/LMK_Logo_ohneText-scaled.jpg","contentUrl":"https:\/\/lm-kommunikation.de\/wp-content\/uploads\/2023\/09\/LMK_Logo_ohneText-scaled.jpg","width":2560,"height":2560,"caption":"Tanja Lemke-Mahadvi"},"logo":{"@id":"https:\/\/lm-kommunikation.de\/#\/schema\/person\/image\/"},"sameAs":["http:\/\/lm-kommunikation.de","https:\/\/www.instagram.com\/lmk_kommunikationsdesign\/","@lmkburofurkommunikationsde8919"]}]}},"jetpack_shortlink":"https:\/\/wp.me\/P9zsa1-BK","jetpack-related-posts":[{"id":1155,"url":"https:\/\/lm-kommunikation.de\/impressum\/","url_meta":{"origin":2340,"position":0},"title":"Impressum","date":"12. April 2018","format":false,"excerpt":"Verantwortlich Tanja Lemke-Mahdavi LMK B\u00fcro f\u00fcr Kommunikationsdesign Eisenacher Str. 7 10777 Berlin Telefon: +49 (0)30 236 21 934 Mail: info@lm-kommunikation.de Umsatzsteuer-ID: DE 184220783 Programmierung netfrei.com Haftungsausschluss (Disclaimer) Haftung f\u00fcr Inhalte Als Diensteanbieter sind wir gem\u00e4\u00df \u00a7 7 Abs.1 TMG f\u00fcr eigene Inhalte auf diesen Seiten nach den allgemeinen Gesetzen verantwortlich.\u2026","rel":"","context":"Similar post","img":{"alt_text":"","src":"","width":0,"height":0},"classes":[]}],"_links":{"self":[{"href":"https:\/\/lm-kommunikation.de\/en\/wp-json\/wp\/v2\/pages\/2340"}],"collection":[{"href":"https:\/\/lm-kommunikation.de\/en\/wp-json\/wp\/v2\/pages"}],"about":[{"href":"https:\/\/lm-kommunikation.de\/en\/wp-json\/wp\/v2\/types\/page"}],"author":[{"embeddable":true,"href":"https:\/\/lm-kommunikation.de\/en\/wp-json\/wp\/v2\/users\/1"}],"replies":[{"embeddable":true,"href":"https:\/\/lm-kommunikation.de\/en\/wp-json\/wp\/v2\/comments?post=2340"}],"version-history":[{"count":1,"href":"https:\/\/lm-kommunikation.de\/en\/wp-json\/wp\/v2\/pages\/2340\/revisions"}],"predecessor-version":[{"id":2341,"href":"https:\/\/lm-kommunikation.de\/en\/wp-json\/wp\/v2\/pages\/2340\/revisions\/2341"}],"wp:attachment":[{"href":"https:\/\/lm-kommunikation.de\/en\/wp-json\/wp\/v2\/media?parent=2340"}],"curies":[{"name":"wp","href":"https:\/\/api.w.org\/{rel}","templated":true}]}}