{"id":2227,"date":"2018-01-18T12:49:52","date_gmt":"2018-01-18T11:49:52","guid":{"rendered":"https:\/\/lm-kommunikation.de\/portfolio\/"},"modified":"2021-05-12T18:28:13","modified_gmt":"2021-05-12T16:28:13","slug":"portfolio","status":"publish","type":"page","link":"https:\/\/lm-kommunikation.de\/en\/","title":{"rendered":"Portfolio"},"content":{"rendered":"","protected":false},"excerpt":{"rendered":"","protected":false},"author":2,"featured_media":0,"parent":0,"menu_order":0,"comment_status":"closed","ping_status":"closed","template":"page-templates\/portfolio-page.php","meta":{"footnotes":""},"yoast_head":"<!-- This site is optimized with the Yoast SEO plugin v21.1 - https:\/\/yoast.com\/wordpress\/plugins\/seo\/ -->\n<title>LMK B\u00fcro fuer Kommunikationsdesign<\/title>\n<meta name=\"description\" content=\"Entwicklung von differenzierten Kommunikationsl\u00f6sungen f\u00fcr Unternehmen und Organisationen, die klar und authentisch wirken und nachhaltig wachsen.\" \/>\n<meta name=\"robots\" content=\"index, follow, max-snippet:-1, max-image-preview:large, max-video-preview:-1\" \/>\n<link rel=\"canonical\" href=\"https:\/\/lm-kommunikation.de\/en\/\" \/>\n<meta property=\"og:locale\" content=\"en_US\" \/>\n<meta property=\"og:type\" content=\"article\" \/>\n<meta property=\"og:title\" content=\"LMK B\u00fcro fuer Kommunikationsdesign\" \/>\n<meta property=\"og:description\" content=\"Entwicklung von differenzierten Kommunikationsl\u00f6sungen f\u00fcr Unternehmen und Organisationen, die klar und authentisch wirken und nachhaltig wachsen.\" \/>\n<meta property=\"og:url\" content=\"https:\/\/lm-kommunikation.de\/en\/\" \/>\n<meta property=\"article:modified_time\" content=\"2021-05-12T16:28:13+00:00\" \/>\n<meta name=\"twitter:card\" content=\"summary_large_image\" \/>\n<script type=\"application\/ld+json\" class=\"yoast-schema-graph\">{\"@context\":\"https:\/\/schema.org\",\"@graph\":[{\"@type\":\"WebPage\",\"@id\":\"https:\/\/lm-kommunikation.de\/en\/\",\"url\":\"https:\/\/lm-kommunikation.de\/en\/\",\"name\":\"LMK B\u00fcro fuer Kommunikationsdesign\",\"isPartOf\":{\"@id\":\"https:\/\/lm-kommunikation.de\/#website\"},\"datePublished\":\"2018-01-18T11:49:52+00:00\",\"dateModified\":\"2021-05-12T16:28:13+00:00\",\"description\":\"Entwicklung von differenzierten Kommunikationsl\u00f6sungen f\u00fcr Unternehmen und Organisationen, die klar und authentisch wirken und nachhaltig wachsen.\",\"breadcrumb\":{\"@id\":\"https:\/\/lm-kommunikation.de\/en\/#breadcrumb\"},\"inLanguage\":\"en-US\",\"potentialAction\":[{\"@type\":\"ReadAction\",\"target\":[\"https:\/\/lm-kommunikation.de\/en\/\"]}]},{\"@type\":\"BreadcrumbList\",\"@id\":\"https:\/\/lm-kommunikation.de\/en\/#breadcrumb\",\"itemListElement\":[{\"@type\":\"ListItem\",\"position\":1,\"name\":\"Startseite\",\"item\":\"https:\/\/lm-kommunikation.de\/en\/\"},{\"@type\":\"ListItem\",\"position\":2,\"name\":\"Portfolio\"}]},{\"@type\":\"WebSite\",\"@id\":\"https:\/\/lm-kommunikation.de\/#website\",\"url\":\"https:\/\/lm-kommunikation.de\/\",\"name\":\"LMK B\u00fcro f\u00fcr Kommunikationsdesign\",\"description\":\"B\u00fcro f\u00fcr Kommunikationsdesign\",\"publisher\":{\"@id\":\"https:\/\/lm-kommunikation.de\/#\/schema\/person\/70880efef482d41ece9e5b219060bd1b\"},\"potentialAction\":[{\"@type\":\"SearchAction\",\"target\":{\"@type\":\"EntryPoint\",\"urlTemplate\":\"https:\/\/lm-kommunikation.de\/?s={search_term_string}\"},\"query-input\":\"required name=search_term_string\"}],\"inLanguage\":\"en-US\"},{\"@type\":[\"Person\",\"Organization\"],\"@id\":\"https:\/\/lm-kommunikation.de\/#\/schema\/person\/70880efef482d41ece9e5b219060bd1b\",\"name\":\"Tanja Lemke-Mahadvi\",\"image\":{\"@type\":\"ImageObject\",\"inLanguage\":\"en-US\",\"@id\":\"https:\/\/lm-kommunikation.de\/#\/schema\/person\/image\/\",\"url\":\"https:\/\/lm-kommunikation.de\/wp-content\/uploads\/2023\/09\/LMK_Logo_ohneText-scaled.jpg\",\"contentUrl\":\"https:\/\/lm-kommunikation.de\/wp-content\/uploads\/2023\/09\/LMK_Logo_ohneText-scaled.jpg\",\"width\":2560,\"height\":2560,\"caption\":\"Tanja Lemke-Mahadvi\"},\"logo\":{\"@id\":\"https:\/\/lm-kommunikation.de\/#\/schema\/person\/image\/\"},\"sameAs\":[\"http:\/\/lm-kommunikation.de\",\"https:\/\/www.instagram.com\/lmk_kommunikationsdesign\/\",\"@lmkburofurkommunikationsde8919\"]}]}<\/script>\n<!-- \/ Yoast SEO plugin. -->","yoast_head_json":{"title":"LMK B\u00fcro fuer Kommunikationsdesign","description":"Entwicklung von differenzierten Kommunikationsl\u00f6sungen f\u00fcr Unternehmen und Organisationen, die klar und authentisch wirken und nachhaltig wachsen.","robots":{"index":"index","follow":"follow","max-snippet":"max-snippet:-1","max-image-preview":"max-image-preview:large","max-video-preview":"max-video-preview:-1"},"canonical":"https:\/\/lm-kommunikation.de\/en\/","og_locale":"en_US","og_type":"article","og_title":"LMK B\u00fcro fuer Kommunikationsdesign","og_description":"Entwicklung von differenzierten Kommunikationsl\u00f6sungen f\u00fcr Unternehmen und Organisationen, die klar und authentisch wirken und nachhaltig wachsen.","og_url":"https:\/\/lm-kommunikation.de\/en\/","article_modified_time":"2021-05-12T16:28:13+00:00","twitter_card":"summary_large_image","schema":{"@context":"https:\/\/schema.org","@graph":[{"@type":"WebPage","@id":"https:\/\/lm-kommunikation.de\/en\/","url":"https:\/\/lm-kommunikation.de\/en\/","name":"LMK B\u00fcro fuer Kommunikationsdesign","isPartOf":{"@id":"https:\/\/lm-kommunikation.de\/#website"},"datePublished":"2018-01-18T11:49:52+00:00","dateModified":"2021-05-12T16:28:13+00:00","description":"Entwicklung von differenzierten Kommunikationsl\u00f6sungen f\u00fcr Unternehmen und Organisationen, die klar und authentisch wirken und nachhaltig wachsen.","breadcrumb":{"@id":"https:\/\/lm-kommunikation.de\/en\/#breadcrumb"},"inLanguage":"en-US","potentialAction":[{"@type":"ReadAction","target":["https:\/\/lm-kommunikation.de\/en\/"]}]},{"@type":"BreadcrumbList","@id":"https:\/\/lm-kommunikation.de\/en\/#breadcrumb","itemListElement":[{"@type":"ListItem","position":1,"name":"Startseite","item":"https:\/\/lm-kommunikation.de\/en\/"},{"@type":"ListItem","position":2,"name":"Portfolio"}]},{"@type":"WebSite","@id":"https:\/\/lm-kommunikation.de\/#website","url":"https:\/\/lm-kommunikation.de\/","name":"LMK B\u00fcro f\u00fcr Kommunikationsdesign","description":"B\u00fcro f\u00fcr Kommunikationsdesign","publisher":{"@id":"https:\/\/lm-kommunikation.de\/#\/schema\/person\/70880efef482d41ece9e5b219060bd1b"},"potentialAction":[{"@type":"SearchAction","target":{"@type":"EntryPoint","urlTemplate":"https:\/\/lm-kommunikation.de\/?s={search_term_string}"},"query-input":"required name=search_term_string"}],"inLanguage":"en-US"},{"@type":["Person","Organization"],"@id":"https:\/\/lm-kommunikation.de\/#\/schema\/person\/70880efef482d41ece9e5b219060bd1b","name":"Tanja Lemke-Mahadvi","image":{"@type":"ImageObject","inLanguage":"en-US","@id":"https:\/\/lm-kommunikation.de\/#\/schema\/person\/image\/","url":"https:\/\/lm-kommunikation.de\/wp-content\/uploads\/2023\/09\/LMK_Logo_ohneText-scaled.jpg","contentUrl":"https:\/\/lm-kommunikation.de\/wp-content\/uploads\/2023\/09\/LMK_Logo_ohneText-scaled.jpg","width":2560,"height":2560,"caption":"Tanja Lemke-Mahadvi"},"logo":{"@id":"https:\/\/lm-kommunikation.de\/#\/schema\/person\/image\/"},"sameAs":["http:\/\/lm-kommunikation.de","https:\/\/www.instagram.com\/lmk_kommunikationsdesign\/","@lmkburofurkommunikationsde8919"]}]}},"jetpack_shortlink":"https:\/\/wp.me\/P9zsa1-zV","jetpack-related-posts":[],"_links":{"self":[{"href":"https:\/\/lm-kommunikation.de\/en\/wp-json\/wp\/v2\/pages\/2227"}],"collection":[{"href":"https:\/\/lm-kommunikation.de\/en\/wp-json\/wp\/v2\/pages"}],"about":[{"href":"https:\/\/lm-kommunikation.de\/en\/wp-json\/wp\/v2\/types\/page"}],"author":[{"embeddable":true,"href":"https:\/\/lm-kommunikation.de\/en\/wp-json\/wp\/v2\/users\/2"}],"replies":[{"embeddable":true,"href":"https:\/\/lm-kommunikation.de\/en\/wp-json\/wp\/v2\/comments?post=2227"}],"version-history":[{"count":1,"href":"https:\/\/lm-kommunikation.de\/en\/wp-json\/wp\/v2\/pages\/2227\/revisions"}],"predecessor-version":[{"id":2269,"href":"https:\/\/lm-kommunikation.de\/en\/wp-json\/wp\/v2\/pages\/2227\/revisions\/2269"}],"wp:attachment":[{"href":"https:\/\/lm-kommunikation.de\/en\/wp-json\/wp\/v2\/media?parent=2227"}],"curies":[{"name":"wp","href":"https:\/\/api.w.org\/{rel}","templated":true}]}}