{"id":2225,"date":"2020-02-17T12:09:41","date_gmt":"2020-02-17T11:09:41","guid":{"rendered":"https:\/\/lm-kommunikation.de\/?page_id=2225"},"modified":"2024-12-18T15:29:45","modified_gmt":"2024-12-18T14:29:45","slug":"contact","status":"publish","type":"page","link":"https:\/\/lm-kommunikation.de\/en\/contact\/","title":{"rendered":"Contact"},"content":{"rendered":"<p><div class=\"two-columns-one\"><span style=\"font-family: geometria; font-size: 24pt; color: #424242;\">Hello!<\/span><br \/>\n<span style=\"font-family: geometria; font-size: 24pt; color: #424242;\">Let&#8217;s exchange ideas and inspire one another.<\/span><br \/>\n<\/div><div class=\"two-columns-one last\"><span style=\"font-family: geometria; color: #424242; font-size: 11pt;\">LMK \u2013 B\u00fcro f\u00fcr Kommunikationsdesign<\/span><br \/>\n<span style=\"font-family: geometria; color: #424242; font-size: 11pt;\">Tanja Lemke-Mahdavi<\/span><br \/>\n<span style=\"font-family: geometria; color: #424242; font-size: 11pt;\">Eisenacher Stra\u00dfe 7<\/span><br \/>\n<span style=\"font-family: geometria; color: #424242; font-size: 11pt;\">10777 Berlin \/ Sch\u00f6neberg<\/span><\/p>\n<p><span style=\"font-family: geometria; color: #424242; font-size: 11pt;\">Telefon:\u00a0+49 (0)30 236 21 934<\/span><br \/>\n<span style=\"font-family: geometria; color: #424242; font-size: 11pt;\">Mail:\u00a0<a style=\"color: #424242;\" href=\"mailto:info@lm-kommunikation.de\">info@lm-kommunikation.de\u00a0<\/a> <\/span><br \/>\n<span style=\"font-family: geometria; color: #424242; font-size: 11pt;\">Skype: t.lemke<\/span><\/p>\n<p><span style=\"font-family: geometria; color: #424242; font-size: 11pt;\">How to get there:<\/span><br \/>\n<span style=\"font-family: geometria; color: #424242; font-size: 11pt;\">U-Bahnhof Nollendorfplatz<\/span><\/div><div class=\"divider\"><\/div><\/p>\n","protected":false},"excerpt":{"rendered":"","protected":false},"author":2,"featured_media":0,"parent":0,"menu_order":0,"comment_status":"closed","ping_status":"closed","template":"","meta":{"footnotes":""},"yoast_head":"<!-- This site is optimized with the Yoast SEO plugin v21.1 - https:\/\/yoast.com\/wordpress\/plugins\/seo\/ -->\n<title>Contact -<\/title>\n<meta name=\"robots\" content=\"index, follow, max-snippet:-1, max-image-preview:large, max-video-preview:-1\" \/>\n<link rel=\"canonical\" href=\"https:\/\/lm-kommunikation.de\/en\/contact\/\" \/>\n<meta property=\"og:locale\" content=\"en_US\" \/>\n<meta property=\"og:type\" content=\"article\" \/>\n<meta property=\"og:title\" content=\"Contact -\" \/>\n<meta property=\"og:url\" content=\"https:\/\/lm-kommunikation.de\/en\/contact\/\" \/>\n<meta property=\"article:modified_time\" content=\"2024-12-18T14:29:45+00:00\" \/>\n<meta name=\"twitter:card\" content=\"summary_large_image\" \/>\n<meta name=\"twitter:label1\" content=\"Est. reading time\" \/>\n\t<meta name=\"twitter:data1\" content=\"1 minute\" \/>\n<script type=\"application\/ld+json\" class=\"yoast-schema-graph\">{\"@context\":\"https:\/\/schema.org\",\"@graph\":[{\"@type\":\"WebPage\",\"@id\":\"https:\/\/lm-kommunikation.de\/en\/contact\/\",\"url\":\"https:\/\/lm-kommunikation.de\/en\/contact\/\",\"name\":\"Contact -\",\"isPartOf\":{\"@id\":\"https:\/\/lm-kommunikation.de\/#website\"},\"datePublished\":\"2020-02-17T11:09:41+00:00\",\"dateModified\":\"2024-12-18T14:29:45+00:00\",\"breadcrumb\":{\"@id\":\"https:\/\/lm-kommunikation.de\/en\/contact\/#breadcrumb\"},\"inLanguage\":\"en-US\",\"potentialAction\":[{\"@type\":\"ReadAction\",\"target\":[\"https:\/\/lm-kommunikation.de\/en\/contact\/\"]}]},{\"@type\":\"BreadcrumbList\",\"@id\":\"https:\/\/lm-kommunikation.de\/en\/contact\/#breadcrumb\",\"itemListElement\":[{\"@type\":\"ListItem\",\"position\":1,\"name\":\"Startseite\",\"item\":\"https:\/\/lm-kommunikation.de\/en\/\"},{\"@type\":\"ListItem\",\"position\":2,\"name\":\"Contact\"}]},{\"@type\":\"WebSite\",\"@id\":\"https:\/\/lm-kommunikation.de\/#website\",\"url\":\"https:\/\/lm-kommunikation.de\/\",\"name\":\"LMK B\u00fcro f\u00fcr Kommunikationsdesign\",\"description\":\"B\u00fcro f\u00fcr Kommunikationsdesign\",\"publisher\":{\"@id\":\"https:\/\/lm-kommunikation.de\/#\/schema\/person\/70880efef482d41ece9e5b219060bd1b\"},\"potentialAction\":[{\"@type\":\"SearchAction\",\"target\":{\"@type\":\"EntryPoint\",\"urlTemplate\":\"https:\/\/lm-kommunikation.de\/?s={search_term_string}\"},\"query-input\":\"required name=search_term_string\"}],\"inLanguage\":\"en-US\"},{\"@type\":[\"Person\",\"Organization\"],\"@id\":\"https:\/\/lm-kommunikation.de\/#\/schema\/person\/70880efef482d41ece9e5b219060bd1b\",\"name\":\"Tanja Lemke-Mahadvi\",\"image\":{\"@type\":\"ImageObject\",\"inLanguage\":\"en-US\",\"@id\":\"https:\/\/lm-kommunikation.de\/#\/schema\/person\/image\/\",\"url\":\"https:\/\/lm-kommunikation.de\/wp-content\/uploads\/2023\/09\/LMK_Logo_ohneText-scaled.jpg\",\"contentUrl\":\"https:\/\/lm-kommunikation.de\/wp-content\/uploads\/2023\/09\/LMK_Logo_ohneText-scaled.jpg\",\"width\":2560,\"height\":2560,\"caption\":\"Tanja Lemke-Mahadvi\"},\"logo\":{\"@id\":\"https:\/\/lm-kommunikation.de\/#\/schema\/person\/image\/\"},\"sameAs\":[\"http:\/\/lm-kommunikation.de\",\"https:\/\/www.instagram.com\/lmk_kommunikationsdesign\/\",\"@lmkburofurkommunikationsde8919\"]}]}<\/script>\n<!-- \/ Yoast SEO plugin. -->","yoast_head_json":{"title":"Contact -","robots":{"index":"index","follow":"follow","max-snippet":"max-snippet:-1","max-image-preview":"max-image-preview:large","max-video-preview":"max-video-preview:-1"},"canonical":"https:\/\/lm-kommunikation.de\/en\/contact\/","og_locale":"en_US","og_type":"article","og_title":"Contact -","og_url":"https:\/\/lm-kommunikation.de\/en\/contact\/","article_modified_time":"2024-12-18T14:29:45+00:00","twitter_card":"summary_large_image","twitter_misc":{"Est. reading time":"1 minute"},"schema":{"@context":"https:\/\/schema.org","@graph":[{"@type":"WebPage","@id":"https:\/\/lm-kommunikation.de\/en\/contact\/","url":"https:\/\/lm-kommunikation.de\/en\/contact\/","name":"Contact -","isPartOf":{"@id":"https:\/\/lm-kommunikation.de\/#website"},"datePublished":"2020-02-17T11:09:41+00:00","dateModified":"2024-12-18T14:29:45+00:00","breadcrumb":{"@id":"https:\/\/lm-kommunikation.de\/en\/contact\/#breadcrumb"},"inLanguage":"en-US","potentialAction":[{"@type":"ReadAction","target":["https:\/\/lm-kommunikation.de\/en\/contact\/"]}]},{"@type":"BreadcrumbList","@id":"https:\/\/lm-kommunikation.de\/en\/contact\/#breadcrumb","itemListElement":[{"@type":"ListItem","position":1,"name":"Startseite","item":"https:\/\/lm-kommunikation.de\/en\/"},{"@type":"ListItem","position":2,"name":"Contact"}]},{"@type":"WebSite","@id":"https:\/\/lm-kommunikation.de\/#website","url":"https:\/\/lm-kommunikation.de\/","name":"LMK B\u00fcro f\u00fcr Kommunikationsdesign","description":"B\u00fcro f\u00fcr Kommunikationsdesign","publisher":{"@id":"https:\/\/lm-kommunikation.de\/#\/schema\/person\/70880efef482d41ece9e5b219060bd1b"},"potentialAction":[{"@type":"SearchAction","target":{"@type":"EntryPoint","urlTemplate":"https:\/\/lm-kommunikation.de\/?s={search_term_string}"},"query-input":"required name=search_term_string"}],"inLanguage":"en-US"},{"@type":["Person","Organization"],"@id":"https:\/\/lm-kommunikation.de\/#\/schema\/person\/70880efef482d41ece9e5b219060bd1b","name":"Tanja Lemke-Mahadvi","image":{"@type":"ImageObject","inLanguage":"en-US","@id":"https:\/\/lm-kommunikation.de\/#\/schema\/person\/image\/","url":"https:\/\/lm-kommunikation.de\/wp-content\/uploads\/2023\/09\/LMK_Logo_ohneText-scaled.jpg","contentUrl":"https:\/\/lm-kommunikation.de\/wp-content\/uploads\/2023\/09\/LMK_Logo_ohneText-scaled.jpg","width":2560,"height":2560,"caption":"Tanja Lemke-Mahadvi"},"logo":{"@id":"https:\/\/lm-kommunikation.de\/#\/schema\/person\/image\/"},"sameAs":["http:\/\/lm-kommunikation.de","https:\/\/www.instagram.com\/lmk_kommunikationsdesign\/","@lmkburofurkommunikationsde8919"]}]}},"jetpack_shortlink":"https:\/\/wp.me\/P9zsa1-zT","jetpack-related-posts":[{"id":2342,"url":"https:\/\/lm-kommunikation.de\/en\/datenschutzvereinbarung\/","url_meta":{"origin":2225,"position":0},"title":"Datenschutz","date":"12. April 2018","format":false,"excerpt":"Datenschutzerkl\u00e4rung","rel":"","context":"Similar post","img":{"alt_text":"","src":"","width":0,"height":0},"classes":[]},{"id":1166,"url":"https:\/\/lm-kommunikation.de\/datenschutzvereinbarung\/","url_meta":{"origin":2225,"position":1},"title":"Datenschutz","date":"12. April 2018","format":false,"excerpt":"Datenschutzerkl\u00e4rung","rel":"","context":"Similar post","img":{"alt_text":"","src":"","width":0,"height":0},"classes":[]}],"_links":{"self":[{"href":"https:\/\/lm-kommunikation.de\/en\/wp-json\/wp\/v2\/pages\/2225"}],"collection":[{"href":"https:\/\/lm-kommunikation.de\/en\/wp-json\/wp\/v2\/pages"}],"about":[{"href":"https:\/\/lm-kommunikation.de\/en\/wp-json\/wp\/v2\/types\/page"}],"author":[{"embeddable":true,"href":"https:\/\/lm-kommunikation.de\/en\/wp-json\/wp\/v2\/users\/2"}],"replies":[{"embeddable":true,"href":"https:\/\/lm-kommunikation.de\/en\/wp-json\/wp\/v2\/comments?post=2225"}],"version-history":[{"count":4,"href":"https:\/\/lm-kommunikation.de\/en\/wp-json\/wp\/v2\/pages\/2225\/revisions"}],"predecessor-version":[{"id":4081,"href":"https:\/\/lm-kommunikation.de\/en\/wp-json\/wp\/v2\/pages\/2225\/revisions\/4081"}],"wp:attachment":[{"href":"https:\/\/lm-kommunikation.de\/en\/wp-json\/wp\/v2\/media?parent=2225"}],"curies":[{"name":"wp","href":"https:\/\/api.w.org\/{rel}","templated":true}]}}