{"id":2222,"date":"2020-01-14T12:06:59","date_gmt":"2020-01-14T11:06:59","guid":{"rendered":"https:\/\/lm-kommunikation.de\/leistung-profil\/"},"modified":"2020-02-17T12:08:32","modified_gmt":"2020-02-17T11:08:32","slug":"profile","status":"publish","type":"page","link":"https:\/\/lm-kommunikation.de\/en\/profile\/","title":{"rendered":"Profile &#038; Services"},"content":{"rendered":"<p><img data-attachment-id=\"2127\" data-permalink=\"https:\/\/lm-kommunikation.de\/en\/profile\/lmk_tanjalemkemahdavi-2\/\" data-orig-file=\"https:\/\/lm-kommunikation.de\/wp-content\/uploads\/2018\/05\/lmk_tanjalemkemahdavi.jpg\" data-orig-size=\"1196,515\" data-comments-opened=\"0\" data-image-meta=\"{&quot;aperture&quot;:&quot;0&quot;,&quot;credit&quot;:&quot;&quot;,&quot;camera&quot;:&quot;&quot;,&quot;caption&quot;:&quot;&quot;,&quot;created_timestamp&quot;:&quot;0&quot;,&quot;copyright&quot;:&quot;&quot;,&quot;focal_length&quot;:&quot;0&quot;,&quot;iso&quot;:&quot;0&quot;,&quot;shutter_speed&quot;:&quot;0&quot;,&quot;title&quot;:&quot;&quot;,&quot;orientation&quot;:&quot;0&quot;}\" data-image-title=\"lmk_tanjalemkemahdavi\" data-image-description=\"\" data-image-caption=\"\" data-medium-file=\"https:\/\/lm-kommunikation.de\/wp-content\/uploads\/2018\/05\/lmk_tanjalemkemahdavi-300x129.jpg\" data-large-file=\"https:\/\/lm-kommunikation.de\/wp-content\/uploads\/2018\/05\/lmk_tanjalemkemahdavi-1196x515.jpg\" decoding=\"async\" loading=\"lazy\" class=\"alignnone wp-image-2127 size-full\" src=\"https:\/\/lm-kommunikation.de\/wp-content\/uploads\/2018\/05\/lmk_tanjalemkemahdavi.jpg\" alt=\"Tanja Lemke-Mahdavi Profile\" width=\"1196\" height=\"515\" \/><\/p>\n<p><span style=\"font-family: geometria; font-size: 21pt;\">As a passionate designer with 25 years of experience, I develop differentiated communication solutions for companies and organisations that are clear, authentic and grow sustainably.<\/span><\/p>\n<p><span style=\"font-size: 16pt; font-family: geometria; color: #ff0000;\"><span style=\"font-size: 12pt;\">PROCESSES<\/span><\/span><span style=\"font-size: 16pt; font-family: geometria; color: #cac300;\"><br \/>\n<\/span><span style=\"font-family: geometria; font-size: 16pt;\">Communication design requires a whole series of processes. Until a reliable realisation, well-founded research, strategic planning and imaginative visualisations go hand in hand. Together with my clients I analyse and conceive goals and values and create lively and self-confident identities. The developed concepts are translated into any media.<br \/>\n<\/span><\/p>\n<p><span style=\"font-size: 12pt; font-family: geometria; color: #ff0000;\">SERVICES<\/span><br \/>\n<span style=\"font-size: 16pt; font-family: geometria;\">Strategic consulting, analysis, conception, branding, realisation and project management in print and web design. Especially in the fields of corporate identity, web design, editorial design, brochures, information design, orientation systems, exhibition and conference design.<\/span><\/p>\n<p><span style=\"font-size: 16pt; font-family: geometria; color: #ff0000;\"><span style=\"font-size: 12pt;\">DIVERSITY<\/span><\/span><span style=\"font-size: 16pt; font-family: geometria; color: #cac300;\"><br \/>\n<\/span><span style=\"font-family: geometria; font-size: 16pt;\">I attach great importance to the diversity of my areas of responsibility and clients, as my work feeds on constantly dealing with the most diverse contents.\u00a0I work with national and international organisations, institutions and companies from the fields of culture, business and science. My location is Berlin, but the rest of the world is very close to me.<\/span><\/p>\n<p><span style=\"font-size: 12pt; font-family: geometria; color: #ff0000;\">NETWORK<\/span><br \/>\n<span style=\"font-size: 16pt; font-family: geometria;\">Depending on the task at hand and the scope of the projects, I put together teams. For years I have been working in a network of professional copywriters, programmers, designers, product designers and trade fair constructors.<\/span><span style=\"font-size: 16pt; font-family: geometria;\"><br \/>\n<\/span><\/p>\n<p><span style=\"font-family: geometria; font-size: 16pt; color: #ff0000;\"><span style=\"font-size: 12pt;\">CAREER<\/span><\/span><span style=\"font-family: geometria; font-size: 16pt; color: #cac300;\"><br \/>\n<\/span><span style=\"font-family: geometria; font-size: 16pt;\">SI studied visual communication in London at the Ravensbourne College and in Germany at the FH Schw\u00e4bisch Gm\u00fcnd. After my first professional experiences in London and Milan I returned to Berlin and worked as a freelancer for various agencies such as &#8220;Plex&#8221; and &#8220;Publicis&#8221;. I specialised in corporate design and typography and started my own business in 2000.<\/span><\/p>\n<p>I now think digitally, although I haven&#8217;t forgotten my starting point as a graphic artist. Many of my projects are about connecting the past and the future &#8211; appreciating and understanding the past to create the new<span style=\"font-family: geometria; font-size: 16pt;\">.<\/span><\/p>\n<p><span style=\"font-family: geometria; font-size: 16pt;\">Let&#8217;s talk about your project together.<br \/>\n030-236 21 934 or\u00a0<\/span><a href=\"mailto:info@lm-kommunikation.de\"><span style=\"font-size: 16pt; font-family: geometria;\">info@lm-kommunikation.de<\/span><\/a><\/p>\n<hr \/>\n<p><span style=\"font-family: geometria; font-size: 24pt;\">References<\/span><\/p>\n<p><span style=\"font-family: geometria; font-size: 12pt;\">Above the Line, Agentur f\u00fcr Autoren, Regisseure und Schauspieler GmbH<\/span><br \/>\n<span style=\"font-family: geometria; font-size: 12pt;\"> Advaia Diversity Solutions GmbH<\/span><br \/>\n<span style=\"font-family: geometria; font-size: 12pt;\"> AG Kino, Gilde deutscher Filmkunsttheater e.V.<\/span><br \/>\n<span style=\"font-family: geometria; font-size: 12pt;\"> Berliner Forum f\u00fcr Geschichte und Gegenwart e.V.<\/span><br \/>\n<span style=\"font-family: geometria; font-size: 12pt;\"> Bundespr\u00e4sidialamt<\/span><br \/>\n<span style=\"font-family: geometria; font-size: 12pt;\"> Climate Action Network International<\/span><br \/>\n<span style=\"font-family: geometria; font-size: 12pt;\"> DaimlerChrysler AG<\/span><br \/>\n<span style=\"font-family: geometria; font-size: 12pt;\"> Deutsches Arch\u00e4ologisches Institut<\/span><br \/>\n<span style=\"font-family: geometria; font-size: 12pt;\"> Elektro Napral GmbH<\/span><br \/>\n<span style=\"font-family: geometria; font-size: 12pt;\"> Excellence Cluster Topoi, Humboldt-Universit\u00e4t Berlin<\/span><br \/>\n<span style=\"font-family: geometria; font-size: 12pt;\"> formfoundation GmbH<\/span><br \/>\n<span style=\"font-family: geometria; font-size: 12pt;\"> International Civil Society Centre<\/span><br \/>\n<span style=\"font-family: geometria; font-size: 12pt;\"> Kulturprojekte Berlin GmbH<\/span><br \/>\n<span style=\"font-family: geometria; font-size: 12pt;\"> Marc Meyerbr\u00f6ker, Photography<\/span><br \/>\n<span style=\"font-family: geometria; font-size: 12pt;\"> Mission Talent<\/span><br \/>\n<span style=\"font-family: geometria; font-size: 12pt;\"> Transparency International Secretariat<\/span><br \/>\n<span style=\"font-family: geometria; font-size: 12pt;\"> Verbraucherzentrale Bundesverband<\/span><br \/>\n<span style=\"font-family: geometria; font-size: 12pt;\"> Zitadelle Spandau<\/span><\/p>\n","protected":false},"excerpt":{"rendered":"<p>As a passionate designer with 25 years of experience, I develop differentiated communication solutions for companies and organisations [&hellip;]<\/p>\n","protected":false},"author":2,"featured_media":0,"parent":0,"menu_order":0,"comment_status":"closed","ping_status":"closed","template":"page-templates\/about-page.php","meta":{"footnotes":""},"yoast_head":"<!-- This site is optimized with the Yoast SEO plugin v21.1 - https:\/\/yoast.com\/wordpress\/plugins\/seo\/ -->\n<title>Tanja Lemke-Mahdavi Profile<\/title>\n<meta name=\"description\" content=\"Als leidenschaftliche Designerin entwickle ich differenzierte Kommunikationsl\u00f6sungen f\u00fcr Unternehmen und Organisationen, die klar und authentisch wirken und nachhaltig wachsen. Dieser Prozess erfordert bis zur zuverl\u00e4ssigen Realisierung, fundierte Recherchen, strategische Planung und ideenreiche Visualisierungen.\" \/>\n<meta name=\"robots\" content=\"index, follow, max-snippet:-1, max-image-preview:large, max-video-preview:-1\" \/>\n<link rel=\"canonical\" href=\"https:\/\/lm-kommunikation.de\/en\/profile\/\" \/>\n<meta property=\"og:locale\" content=\"en_US\" \/>\n<meta property=\"og:type\" content=\"article\" \/>\n<meta property=\"og:title\" content=\"Tanja Lemke-Mahdavi Profile\" \/>\n<meta property=\"og:description\" content=\"Als leidenschaftliche Designerin entwickle ich differenzierte Kommunikationsl\u00f6sungen f\u00fcr Unternehmen und Organisationen, die klar und authentisch wirken und nachhaltig wachsen. Dieser Prozess erfordert bis zur zuverl\u00e4ssigen Realisierung, fundierte Recherchen, strategische Planung und ideenreiche Visualisierungen.\" \/>\n<meta property=\"og:url\" content=\"https:\/\/lm-kommunikation.de\/en\/profile\/\" \/>\n<meta property=\"article:modified_time\" content=\"2020-02-17T11:08:32+00:00\" \/>\n<meta property=\"og:image\" content=\"https:\/\/lm-kommunikation.de\/wp-content\/uploads\/2018\/05\/lmk_tanjalemkemahdavi.jpg\" \/>\n<meta name=\"twitter:card\" content=\"summary_large_image\" \/>\n<meta name=\"twitter:label1\" content=\"Est. reading time\" \/>\n\t<meta name=\"twitter:data1\" content=\"2 minutes\" \/>\n<script type=\"application\/ld+json\" class=\"yoast-schema-graph\">{\"@context\":\"https:\/\/schema.org\",\"@graph\":[{\"@type\":\"WebPage\",\"@id\":\"https:\/\/lm-kommunikation.de\/en\/profile\/\",\"url\":\"https:\/\/lm-kommunikation.de\/en\/profile\/\",\"name\":\"Tanja Lemke-Mahdavi Profile\",\"isPartOf\":{\"@id\":\"https:\/\/lm-kommunikation.de\/#website\"},\"datePublished\":\"2020-01-14T11:06:59+00:00\",\"dateModified\":\"2020-02-17T11:08:32+00:00\",\"description\":\"Als leidenschaftliche Designerin entwickle ich differenzierte Kommunikationsl\u00f6sungen f\u00fcr Unternehmen und Organisationen, die klar und authentisch wirken und nachhaltig wachsen. Dieser Prozess erfordert bis zur zuverl\u00e4ssigen Realisierung, fundierte Recherchen, strategische Planung und ideenreiche Visualisierungen.\",\"breadcrumb\":{\"@id\":\"https:\/\/lm-kommunikation.de\/en\/profile\/#breadcrumb\"},\"inLanguage\":\"en-US\",\"potentialAction\":[{\"@type\":\"ReadAction\",\"target\":[\"https:\/\/lm-kommunikation.de\/en\/profile\/\"]}]},{\"@type\":\"BreadcrumbList\",\"@id\":\"https:\/\/lm-kommunikation.de\/en\/profile\/#breadcrumb\",\"itemListElement\":[{\"@type\":\"ListItem\",\"position\":1,\"name\":\"Startseite\",\"item\":\"https:\/\/lm-kommunikation.de\/en\/\"},{\"@type\":\"ListItem\",\"position\":2,\"name\":\"Profile &#038; Services\"}]},{\"@type\":\"WebSite\",\"@id\":\"https:\/\/lm-kommunikation.de\/#website\",\"url\":\"https:\/\/lm-kommunikation.de\/\",\"name\":\"LMK B\u00fcro f\u00fcr Kommunikationsdesign\",\"description\":\"B\u00fcro f\u00fcr Kommunikationsdesign\",\"publisher\":{\"@id\":\"https:\/\/lm-kommunikation.de\/#\/schema\/person\/70880efef482d41ece9e5b219060bd1b\"},\"potentialAction\":[{\"@type\":\"SearchAction\",\"target\":{\"@type\":\"EntryPoint\",\"urlTemplate\":\"https:\/\/lm-kommunikation.de\/?s={search_term_string}\"},\"query-input\":\"required name=search_term_string\"}],\"inLanguage\":\"en-US\"},{\"@type\":[\"Person\",\"Organization\"],\"@id\":\"https:\/\/lm-kommunikation.de\/#\/schema\/person\/70880efef482d41ece9e5b219060bd1b\",\"name\":\"Tanja Lemke-Mahadvi\",\"image\":{\"@type\":\"ImageObject\",\"inLanguage\":\"en-US\",\"@id\":\"https:\/\/lm-kommunikation.de\/#\/schema\/person\/image\/\",\"url\":\"https:\/\/lm-kommunikation.de\/wp-content\/uploads\/2023\/09\/LMK_Logo_ohneText-scaled.jpg\",\"contentUrl\":\"https:\/\/lm-kommunikation.de\/wp-content\/uploads\/2023\/09\/LMK_Logo_ohneText-scaled.jpg\",\"width\":2560,\"height\":2560,\"caption\":\"Tanja Lemke-Mahadvi\"},\"logo\":{\"@id\":\"https:\/\/lm-kommunikation.de\/#\/schema\/person\/image\/\"},\"sameAs\":[\"http:\/\/lm-kommunikation.de\",\"https:\/\/www.instagram.com\/lmk_kommunikationsdesign\/\",\"@lmkburofurkommunikationsde8919\"]}]}<\/script>\n<!-- \/ Yoast SEO plugin. -->","yoast_head_json":{"title":"Tanja Lemke-Mahdavi Profile","description":"Als leidenschaftliche Designerin entwickle ich differenzierte Kommunikationsl\u00f6sungen f\u00fcr Unternehmen und Organisationen, die klar und authentisch wirken und nachhaltig wachsen. Dieser Prozess erfordert bis zur zuverl\u00e4ssigen Realisierung, fundierte Recherchen, strategische Planung und ideenreiche Visualisierungen.","robots":{"index":"index","follow":"follow","max-snippet":"max-snippet:-1","max-image-preview":"max-image-preview:large","max-video-preview":"max-video-preview:-1"},"canonical":"https:\/\/lm-kommunikation.de\/en\/profile\/","og_locale":"en_US","og_type":"article","og_title":"Tanja Lemke-Mahdavi Profile","og_description":"Als leidenschaftliche Designerin entwickle ich differenzierte Kommunikationsl\u00f6sungen f\u00fcr Unternehmen und Organisationen, die klar und authentisch wirken und nachhaltig wachsen. Dieser Prozess erfordert bis zur zuverl\u00e4ssigen Realisierung, fundierte Recherchen, strategische Planung und ideenreiche Visualisierungen.","og_url":"https:\/\/lm-kommunikation.de\/en\/profile\/","article_modified_time":"2020-02-17T11:08:32+00:00","og_image":[{"url":"https:\/\/lm-kommunikation.de\/wp-content\/uploads\/2018\/05\/lmk_tanjalemkemahdavi.jpg"}],"twitter_card":"summary_large_image","twitter_misc":{"Est. reading time":"2 minutes"},"schema":{"@context":"https:\/\/schema.org","@graph":[{"@type":"WebPage","@id":"https:\/\/lm-kommunikation.de\/en\/profile\/","url":"https:\/\/lm-kommunikation.de\/en\/profile\/","name":"Tanja Lemke-Mahdavi Profile","isPartOf":{"@id":"https:\/\/lm-kommunikation.de\/#website"},"datePublished":"2020-01-14T11:06:59+00:00","dateModified":"2020-02-17T11:08:32+00:00","description":"Als leidenschaftliche Designerin entwickle ich differenzierte Kommunikationsl\u00f6sungen f\u00fcr Unternehmen und Organisationen, die klar und authentisch wirken und nachhaltig wachsen. Dieser Prozess erfordert bis zur zuverl\u00e4ssigen Realisierung, fundierte Recherchen, strategische Planung und ideenreiche Visualisierungen.","breadcrumb":{"@id":"https:\/\/lm-kommunikation.de\/en\/profile\/#breadcrumb"},"inLanguage":"en-US","potentialAction":[{"@type":"ReadAction","target":["https:\/\/lm-kommunikation.de\/en\/profile\/"]}]},{"@type":"BreadcrumbList","@id":"https:\/\/lm-kommunikation.de\/en\/profile\/#breadcrumb","itemListElement":[{"@type":"ListItem","position":1,"name":"Startseite","item":"https:\/\/lm-kommunikation.de\/en\/"},{"@type":"ListItem","position":2,"name":"Profile &#038; Services"}]},{"@type":"WebSite","@id":"https:\/\/lm-kommunikation.de\/#website","url":"https:\/\/lm-kommunikation.de\/","name":"LMK B\u00fcro f\u00fcr Kommunikationsdesign","description":"B\u00fcro f\u00fcr Kommunikationsdesign","publisher":{"@id":"https:\/\/lm-kommunikation.de\/#\/schema\/person\/70880efef482d41ece9e5b219060bd1b"},"potentialAction":[{"@type":"SearchAction","target":{"@type":"EntryPoint","urlTemplate":"https:\/\/lm-kommunikation.de\/?s={search_term_string}"},"query-input":"required name=search_term_string"}],"inLanguage":"en-US"},{"@type":["Person","Organization"],"@id":"https:\/\/lm-kommunikation.de\/#\/schema\/person\/70880efef482d41ece9e5b219060bd1b","name":"Tanja Lemke-Mahadvi","image":{"@type":"ImageObject","inLanguage":"en-US","@id":"https:\/\/lm-kommunikation.de\/#\/schema\/person\/image\/","url":"https:\/\/lm-kommunikation.de\/wp-content\/uploads\/2023\/09\/LMK_Logo_ohneText-scaled.jpg","contentUrl":"https:\/\/lm-kommunikation.de\/wp-content\/uploads\/2023\/09\/LMK_Logo_ohneText-scaled.jpg","width":2560,"height":2560,"caption":"Tanja Lemke-Mahadvi"},"logo":{"@id":"https:\/\/lm-kommunikation.de\/#\/schema\/person\/image\/"},"sameAs":["http:\/\/lm-kommunikation.de","https:\/\/www.instagram.com\/lmk_kommunikationsdesign\/","@lmkburofurkommunikationsde8919"]}]}},"jetpack_shortlink":"https:\/\/wp.me\/P9zsa1-zQ","jetpack-related-posts":[],"_links":{"self":[{"href":"https:\/\/lm-kommunikation.de\/en\/wp-json\/wp\/v2\/pages\/2222"}],"collection":[{"href":"https:\/\/lm-kommunikation.de\/en\/wp-json\/wp\/v2\/pages"}],"about":[{"href":"https:\/\/lm-kommunikation.de\/en\/wp-json\/wp\/v2\/types\/page"}],"author":[{"embeddable":true,"href":"https:\/\/lm-kommunikation.de\/en\/wp-json\/wp\/v2\/users\/2"}],"replies":[{"embeddable":true,"href":"https:\/\/lm-kommunikation.de\/en\/wp-json\/wp\/v2\/comments?post=2222"}],"version-history":[{"count":3,"href":"https:\/\/lm-kommunikation.de\/en\/wp-json\/wp\/v2\/pages\/2222\/revisions"}],"predecessor-version":[{"id":2400,"href":"https:\/\/lm-kommunikation.de\/en\/wp-json\/wp\/v2\/pages\/2222\/revisions\/2400"}],"wp:attachment":[{"href":"https:\/\/lm-kommunikation.de\/en\/wp-json\/wp\/v2\/media?parent=2222"}],"curies":[{"name":"wp","href":"https:\/\/api.w.org\/{rel}","templated":true}]}}